{"id":27,"date":"2019-01-08T15:41:01","date_gmt":"2019-01-08T14:41:01","guid":{"rendered":"http:\/\/www.auroyaumedesnins.fr\/?page_id=27"},"modified":"2019-01-08T15:51:07","modified_gmt":"2019-01-08T14:51:07","slug":"la-mam-cest-quoi","status":"publish","type":"page","link":"https:\/\/www.auroyaumedesnins.fr\/index.php\/la-mam-cest-quoi\/","title":{"rendered":"La MAM ? C&rsquo;est quoi ?"},"content":{"rendered":"<h3 style=\"text-align: center;\">Qu\u2019est-ce qu\u2019une M.A.M ou Maison d\u2019Assistant(es) Maternel(les)?<\/h3>\n<p style=\"text-align: left;\">La loi du 9 juin 2010 autorise les assistants maternels \u00e0 accueillir des mineurs au sein d\u2019une maison d\u2019assistants maternels. Cette possibilit\u00e9 constitue une d\u00e9rogation \u00e0 l\u2019article 424-1 du Code de l\u2019action sociale et des familles.<\/p>\n<p style=\"text-align: left;\">Le nombre d\u2019assistants maternels pouvant exercer leur activit\u00e9 dans une m\u00eame maison d\u2019assistants maternels a \u00e9t\u00e9 limit\u00e9 \u00e0 quatre. Chaque parent peut autoriser l\u2019assistant maternel qui accueille son enfant \u00e0 d\u00e9l\u00e9guer cet accueil \u00e0 un ou plusieurs assistants maternels exer\u00e7ant dans la m\u00eame maison, sous r\u00e9serve que cette autorisation\u00a0<img loading=\"lazy\" decoding=\"async\" class=\"size-medium wp-image-77 alignleft\" src=\"https:\/\/www.auroyaumedesnins.fr\/wp-content\/uploads\/2019\/01\/cap-petite-enfance-distance-300x106.jpg\" sizes=\"auto, (max-width: 300px) 100vw, 300px\" srcset=\"https:\/\/www.auroyaumedesnins.fr\/wp-content\/uploads\/2019\/01\/cap-petite-enfance-distance-300x106.jpg 300w, https:\/\/www.auroyaumedesnins.fr\/wp-content\/uploads\/2019\/01\/cap-petite-enfance-distance-300x106.jpg 768w, https:\/\/www.auroyaumedesnins.fr\/wp-content\/uploads\/2019\/01\/cap-petite-enfance-distance-300x106.jpg 878w\" alt=\"\" width=\"300\" height=\"106\" \/>figure dans le contrat de travail de l\u2019assistant maternel. L\u2019accord de chaque assistant maternel auquel l\u2019accueil peut \u00eatre d\u00e9l\u00e9gu\u00e9 est joint en annexe au contrat de travail de l\u2019assistant maternel d\u00e9l\u00e9gant. L\u2019assistant maternel d\u00e9l\u00e9gataire re\u00e7oit copie du contrat de travail de l\u2019assistant maternel d\u00e9l\u00e9gant. Mais cette d\u00e9l\u00e9gation d\u2019accueil ne fait l\u2019objet d\u2019aucune r\u00e9mun\u00e9ration. En tout \u00e9tat de cause, la d\u00e9l\u00e9gation ne doit pas aboutir \u00e0 ce qu\u2019un assistant maternel accueille un nombre d\u2019enfants sup\u00e9rieur \u00e0 celui pr\u00e9vu par son agr\u00e9ment, ni \u00e0 ce qu\u2019il n\u2019assure pas le nombre d\u2019heures d\u2019accueil mensuel pr\u00e9vu par son ou ses contrats de travail.<\/p>\n<p style=\"text-align: left;\">Les assistants maternels qui b\u00e9n\u00e9ficient de la d\u00e9l\u00e9gation d\u2019accueil doivent souscrire une assurance pour tous les dommages, y compris ceux survenant au cours d\u2019une p\u00e9riode o\u00f9 l\u2019accueil est d\u00e9l\u00e9gu\u00e9, que les enfants pourraient provoquer et pour ceux dont ils pourraient \u00eatre victimes. Cette obligation fait l\u2019objet d\u2019un engagement \u00e9crit des int\u00e9ress\u00e9s lorsque la demande d\u2019agr\u00e9ment est formul\u00e9e aupr\u00e8s du pr\u00e9sident du conseil g\u00e9n\u00e9ral.<\/p>\n<p style=\"text-align: left;\">Mais pour pouvoir accueillir des mineurs au sein d\u2019une maison d\u2019assistants maternels, l\u2019assistant maternel d\u00e9j\u00e0 agr\u00e9\u00e9, au titre de l\u2019article 421-3 du Code de l\u2019action sociale et des familles pr\u00e9cit\u00e9, doit faire une demande aupr\u00e8s du pr\u00e9sident du conseil\u00a0<img loading=\"lazy\" decoding=\"async\" class=\"size-medium wp-image-78 alignright\" src=\"https:\/\/www.auroyaumedesnins.fr\/wp-content\/uploads\/2019\/01\/Petite-enfance-300x83.jpg\" sizes=\"auto, (max-width: 300px) 100vw, 300px\" srcset=\"https:\/\/www.auroyaumedesnins.fr\/wp-content\/uploads\/2019\/01\/Petite-enfance-300x83.jpg 300w, https:\/\/www.auroyaumedesnins.fr\/wp-content\/uploads\/2019\/01\/Petite-enfance-300x83.jpg 700w\" alt=\"\" width=\"300\" height=\"83\" \/>g\u00e9n\u00e9ral du d\u00e9partement dans lequel est situ\u00e9e la maison en vue de modifier son agr\u00e9ment en pr\u00e9cisant le nombre de mineurs qu\u2019il pr\u00e9voit d\u2019y accueillir. De m\u00eame, une personne souhaitant exercer la profession d\u2019assistant maternel dans une maison d\u2019assistants maternels et qui ne dispose pas encore de l\u2019agr\u00e9ment d\u00e9fini \u00e0 l\u2019article L. 421-3, doit en faire la demande aupr\u00e8s du pr\u00e9sident du conseil g\u00e9n\u00e9ral du d\u00e9partement dans lequel est situ\u00e9e la maison. S\u2019il lui est accord\u00e9, cet agr\u00e9ment fixe le nombre et l\u2019\u00e2ge des mineurs qu\u2019elle est autoris\u00e9e \u00e0 accueillir simultan\u00e9ment dans la maison d\u2019assistants maternels. Ce nombre ne peut \u00eatre sup\u00e9rieur \u00e0 quatre.<\/p>\n<p style=\"text-align: left;\">L\u2019assistant maternel peut, apr\u00e8s avoir exerc\u00e9 en maison d\u2019assistants maternels, accueillir des mineurs \u00e0 son domicile s\u2019il dispose d\u00e9j\u00e0 de l\u2019agr\u00e9ment n\u00e9cessaire. S\u2019il ne dispose pas de l\u2019agr\u00e9ment n\u00e9cessaire \u00e0 cet effet, il doit en faire la demande au pr\u00e9sident du conseil g\u00e9n\u00e9ral du d\u00e9partement o\u00f9 il r\u00e9side.<\/p>\n<p style=\"text-align: left;\"><img loading=\"lazy\" decoding=\"async\" class=\"size-medium wp-image-79 alignleft\" src=\"http:\/\/s1.khserver.fr\/mam\/wp-content\/uploads\/2017\/11\/194_098_pate-a-modeler-300x108.jpg\" sizes=\"auto, (max-width: 300px) 100vw, 300px\" srcset=\"https:\/\/www.auroyaumedesnins.fr\/wp-content\/uploads\/2019\/01\/194_098_pate-a-modeler-300x108.jpg 300w, https:\/\/www.auroyaumedesnins.fr\/wp-content\/uploads\/2019\/01\/194_098_pate-a-modeler-300x108.jpg 745w\" alt=\"\" width=\"300\" height=\"108\" \/>Les conditions de d\u00e9livrance de l\u2019agr\u00e9ment demeurent inchang\u00e9s. Si les conditions d\u2019accueil de la maison garantissent la s\u00e9curit\u00e9 et la sant\u00e9 des mineurs, l\u2019agr\u00e9ment modifi\u00e9 est accord\u00e9 et pr\u00e9cise le nombre et l\u2019\u00e2ge des mineurs que l\u2019assistant maternel peut accueillir simultan\u00e9ment. Ce nombre ne peut \u00eatre sup\u00e9rieur \u00e0 quatre. A d\u00e9faut de r\u00e9ponse \u00e0 la demande d\u2019agr\u00e9ment ou de modification d\u2019agr\u00e9ment dans un d\u00e9lai de trois mois apr\u00e8s r\u00e9ception de la demande, celle-ci est r\u00e9put\u00e9e acquise.<\/p>\n<p style=\"text-align: left;\">Le m\u00e9nage ou la personne qui emploie un assistant maternel assurant l\u2019accueil d\u2019un mineur dans une maison d\u2019assistants maternels per\u00e7oit le compl\u00e9ment de libre choix du mode de garde dans les conditions pr\u00e9vues \u00e0 l\u2019article L. 531-5 du code de la s\u00e9curit\u00e9 sociale.<\/p>\n<p style=\"text-align: left;\">Pour r\u00e9sum\u00e9, ce type de structure innovante a la souplesse d\u2019accueil d\u2019une assistante maternelle \u00e0 domicile tout en b\u00e9n\u00e9ficiant des avantages d\u2019une structure collective.<\/p>\n","protected":false},"excerpt":{"rendered":"<div class=\"slide-text-bg2\"><span>Qu\u2019est-ce qu\u2019une M.A.M ou Maison d\u2019Assistant(es) Maternel(les)? La loi du 9 juin 2010 autorise les assistants maternels \u00e0 accueillir des mineurs au <\/span><\/div>\n<div class=\"slide-btn-area-sm\"><a href=\"https:\/\/www.auroyaumedesnins.fr\/index.php\/la-mam-cest-quoi\/\" class=\"slide-btn-sm\">Lire la suite<\/a><\/div>\n","protected":false},"author":1,"featured_media":0,"parent":0,"menu_order":0,"comment_status":"closed","ping_status":"closed","template":"","meta":{"footnotes":""},"class_list":["post-27","page","type-page","status-publish","hentry"],"_links":{"self":[{"href":"https:\/\/www.auroyaumedesnins.fr\/index.php\/wp-json\/wp\/v2\/pages\/27","targetHints":{"allow":["GET"]}}],"collection":[{"href":"https:\/\/www.auroyaumedesnins.fr\/index.php\/wp-json\/wp\/v2\/pages"}],"about":[{"href":"https:\/\/www.auroyaumedesnins.fr\/index.php\/wp-json\/wp\/v2\/types\/page"}],"author":[{"embeddable":true,"href":"https:\/\/www.auroyaumedesnins.fr\/index.php\/wp-json\/wp\/v2\/users\/1"}],"replies":[{"embeddable":true,"href":"https:\/\/www.auroyaumedesnins.fr\/index.php\/wp-json\/wp\/v2\/comments?post=27"}],"version-history":[{"count":7,"href":"https:\/\/www.auroyaumedesnins.fr\/index.php\/wp-json\/wp\/v2\/pages\/27\/revisions"}],"predecessor-version":[{"id":50,"href":"https:\/\/www.auroyaumedesnins.fr\/index.php\/wp-json\/wp\/v2\/pages\/27\/revisions\/50"}],"wp:attachment":[{"href":"https:\/\/www.auroyaumedesnins.fr\/index.php\/wp-json\/wp\/v2\/media?parent=27"}],"curies":[{"name":"wp","href":"https:\/\/api.w.org\/{rel}","templated":true}]}}