{"id":495,"date":"2024-07-20T13:37:47","date_gmt":"2024-07-20T11:37:47","guid":{"rendered":"http:\/\/www.auroyaumedesnins.fr\/?page_id=495"},"modified":"2024-07-20T13:40:35","modified_gmt":"2024-07-20T11:40:35","slug":"accueil","status":"publish","type":"page","link":"https:\/\/www.auroyaumedesnins.fr\/","title":{"rendered":"Accueil"},"content":{"rendered":"<h1 style=\"text-align: center;\">M.A.M. \u00a0\u00bb Au Royaume des Nins\u00a0\u00bb&#8230;<\/h1>\n<p><img loading=\"lazy\" decoding=\"async\" class=\"alignnone size-medium wp-image-42\" src=\"https:\/\/www.auroyaumedesnins.fr\/wp-content\/uploads\/2019\/01\/cap-petite-enfance-distance-300x106-300x106.jpg\" alt=\"\" width=\"300\" height=\"106\" \/><\/p>\n<p>\u2026 ou Maison d&rsquo;Assistant(es) Maternel(les) est n\u00e9e de la volont\u00e9 de regrouper des assistant(es) maternel(les) et les enfants dont ils ont la charge dans un lieu de garde et d&rsquo;accueil d\u00e9di\u00e9 \u00e0 leur \u00e9panouissement et \u00e0 leur \u00e9veil sous l&rsquo;attention de professionnel(les) agr\u00e9(e)s par le conseil d\u00e9partemental des Pyr\u00e9n\u00e9es Orientales.<\/p>\n<p><img loading=\"lazy\" decoding=\"async\" class=\"alignnone size-medium wp-image-45\" src=\"https:\/\/www.auroyaumedesnins.fr\/wp-content\/uploads\/2019\/01\/194_098_pate-a-modeler-300x108-300x108.jpg\" alt=\"\" width=\"300\" height=\"108\" \/><\/p>\n<p>Fa\u00e7onn\u00e9e dans la dynamique de favoriser l\u2019autonomie et l\u2019\u00e9volution de votre enfant, notre MAM , par ses am\u00e9nagements, et par nos comp\u00e9tences stimulera le jeune public.<\/p>\n<p><img loading=\"lazy\" decoding=\"async\" class=\"alignnone size-medium wp-image-43\" src=\"https:\/\/www.auroyaumedesnins.fr\/wp-content\/uploads\/2019\/01\/Petite-enfance-300x83-300x83.jpg\" alt=\"\" width=\"300\" height=\"83\" \/><\/p>\n<p>Son objectif principal est d\u2019accueillir votre enfant, tout en favorisant sont int\u00e9gration au sein de la maison. Des activit\u00e9s seront propos\u00e9es afin que chacun se sente au mieux dans le groupe. Notre d\u00e9marche p\u00e9dagogique tiendra compte des palliers \u00e9volutifs de tous. La s\u00e9curit\u00e9 apport\u00e9e par les assistantes maternelles appuiera l\u2019enfant dans sa prise d\u2019initiative essentielle \u00e0 son accomplissement .<\/p>\n","protected":false},"excerpt":{"rendered":"<div class=\"slide-text-bg2\"><span>M.A.M. \u00a0\u00bb Au Royaume des Nins\u00a0\u00bb&#8230; \u2026 ou Maison d&rsquo;Assistant(es) Maternel(les) est n\u00e9e de la volont\u00e9 de regrouper des assistant(es) materne<\/span><\/div>\n<div class=\"slide-btn-area-sm\"><a href=\"https:\/\/www.auroyaumedesnins.fr\/\" class=\"slide-btn-sm\">Lire la suite<\/a><\/div>\n","protected":false},"author":1,"featured_media":0,"parent":0,"menu_order":0,"comment_status":"closed","ping_status":"closed","template":"","meta":{"footnotes":""},"class_list":["post-495","page","type-page","status-publish","hentry"],"_links":{"self":[{"href":"https:\/\/www.auroyaumedesnins.fr\/index.php\/wp-json\/wp\/v2\/pages\/495","targetHints":{"allow":["GET"]}}],"collection":[{"href":"https:\/\/www.auroyaumedesnins.fr\/index.php\/wp-json\/wp\/v2\/pages"}],"about":[{"href":"https:\/\/www.auroyaumedesnins.fr\/index.php\/wp-json\/wp\/v2\/types\/page"}],"author":[{"embeddable":true,"href":"https:\/\/www.auroyaumedesnins.fr\/index.php\/wp-json\/wp\/v2\/users\/1"}],"replies":[{"embeddable":true,"href":"https:\/\/www.auroyaumedesnins.fr\/index.php\/wp-json\/wp\/v2\/comments?post=495"}],"version-history":[{"count":4,"href":"https:\/\/www.auroyaumedesnins.fr\/index.php\/wp-json\/wp\/v2\/pages\/495\/revisions"}],"predecessor-version":[{"id":500,"href":"https:\/\/www.auroyaumedesnins.fr\/index.php\/wp-json\/wp\/v2\/pages\/495\/revisions\/500"}],"wp:attachment":[{"href":"https:\/\/www.auroyaumedesnins.fr\/index.php\/wp-json\/wp\/v2\/media?parent=495"}],"curies":[{"name":"wp","href":"https:\/\/api.w.org\/{rel}","templated":true}]}}